{"id":3,"date":"2021-11-30T02:17:50","date_gmt":"2021-11-30T02:17:50","guid":{"rendered":"http:\/\/test2.e-motioners.com\/didaticstore\/?page_id=3"},"modified":"2021-12-06T21:07:22","modified_gmt":"2021-12-07T03:07:22","slug":"politica-privacidad","status":"publish","type":"page","link":"http:\/\/test2.e-motioners.com\/didaticstore\/politica-privacidad\/","title":{"rendered":"Pol\u00edtica de privacidad"},"content":{"rendered":"\n<p>Recopilamos informaci\u00f3n tuya durante el proceso de pago en nuestra tienda.<\/p>\n\n\n\n<h2 class=\"wp-block-heading\">Lo que recopilamos y almacenamos<\/h2>\n\n\n\n<p>Mientras visitas nuestro sitio realizaremos el seguimiento de:<\/p>\n\n\n\n<ul class=\"wp-block-list\"><li>Productos que has visto: Los usaremos para, por ejemplo, mostrarte los productos que has visto recientemente<\/li><li>Ubicaci\u00f3n, direcci\u00f3n IP y tipo de navegador: usaremos esto para prop\u00f3sitos como estimar impuestos y costes de env\u00edo<\/li><li>Direcci\u00f3n de env\u00edo: te pediremos que facilites esto para que podamos, por ejemplo, estimar el coste del env\u00edo antes de que hagas un pedido, \u00a1y enviarte el pedido!<\/li><\/ul>\n\n\n\n<p>Tambi\u00e9n usamos cookies para realizar el seguimiento de los contenidos del carrito mientras navegas por nuestro sitio.<\/p>\n\n\n\n<p>Cuando nos compras algo te pedimos que facilites informaci\u00f3n que incluye tu nombre, direcci\u00f3n de facturaci\u00f3n, direcci\u00f3n de env\u00edo, direcci\u00f3n de correo electr\u00f3nico, n\u00famero de tel\u00e9fono, detalles de la tarjeta de cr\u00e9dito\/pago e informaci\u00f3n adicional opcional como el nombre de usuario y la contrase\u00f1a. Usaremos esta informaci\u00f3n para prop\u00f3sitos como:<\/p>\n\n\n\n<ul class=\"wp-block-list\"><li>Enviarte informaci\u00f3n sobre tu cuenta y pedido<\/li><li>Responder a tus solicitudes, incluidos reembolsos y reclamaciones<\/li><li>Procesar pagos y evitar el fraude<\/li><li>Configurar tu cuenta para nuestra tienda<\/li><li>Cumplir con cualquier obligaci\u00f3n legal que tengamos, como c\u00e1lculos de impuestos<\/li><li>Mejorar las ofertas de nuestra tienda<\/li><li>Enviarte mensajes promocionales, si eliges recibirlos<\/li><\/ul>\n\n\n\n<p>Si creas una cuenta almacenaremos tu nombre, direcci\u00f3n, correo electr\u00f3nico y n\u00famero de tel\u00e9fono, lo que usaremos para el proceso de pago y futuros pedidos.<\/p>\n\n\n\n<p>Normalmente almacenamos informaci\u00f3n sobre ti durante el tiempo que necesitemos la informaci\u00f3n para los prop\u00f3sitos para los que la recopilamos y usamos, y no estemos legalmente obligados a seguir guard\u00e1ndola. Por ejemplo, almacenaremos informaci\u00f3n de los pedidos durante XXX a\u00f1os para prop\u00f3sitos de impuestos y contabilidad. Esto incluye tu nombre, direcci\u00f3n de correo electr\u00f3nico y direcciones de facturaci\u00f3n y env\u00edo.<\/p>\n\n\n\n<p>Tambi\u00e9n almacenamos comentarios o valoraciones, si eliges dejarlos.<\/p>\n\n\n\n<h2 class=\"wp-block-heading\">Qui\u00e9n de nuestro equipo tiene acceso<\/h2>\n\n\n\n<p>Los miembros de nuestro equipo tienen acceso a la informaci\u00f3n que nos ofreces. Por ejemplo, los administradores y gestores de tienda pueden acceder:<\/p>\n\n\n\n<ul class=\"wp-block-list\"><li>La informaci\u00f3n de pedidos, como qu\u00e9 se compr\u00f3, cu\u00e1ndo se compr\u00f3 y d\u00f3nde se deber\u00eda enviar, y<\/li><li>La informaci\u00f3n de cliente, como tu nombre, direcci\u00f3n de correo electr\u00f3nico, y la informaci\u00f3n de facturaci\u00f3n y env\u00edo.<\/li><\/ul>\n\n\n\n<p>Los miembros de nuestro equipo tienen acceso a esta informaci\u00f3n para ayudar a completar pedidos, procesar reembolsos y darte soporte.<\/p>\n\n\n\n<h2 class=\"wp-block-heading\">Lo que compartimos con otros<\/h2>\n\n\n\n<p>Compartimos informaci\u00f3n con otros, que nos ayudan a ofrecer nuestros pedidos y gestionar servicios para ti; por ejemplo:<\/p>\n\n\n\n<ul class=\"wp-block-list\"><li>Proveedores de env\u00edo<\/li><li>Procesadores de pago<\/li><\/ul>\n\n\n\n<h3 class=\"wp-block-heading\">Pagos<\/h3>\n\n\n\n<p>Aceptamos pagos mediante OpenPay y Paypal. Al procesar pagos algunos de tus datos se pasar\u00e1n a OpenPay o PayPal, incluida la informaci\u00f3n requerida para procesar o dar soporte al pago, tales como el total de la compra y la informaci\u00f3n de facturaci\u00f3n.<\/p>\n\n\n\n<p>Por favor, revisa la\u00a0<a href=\"https:\/\/www.paypal.com\/mx\/webapps\/mpp\/ua\/privacy-full\">pol\u00edtica de privacidad de PayPal<\/a>\u00a0para m\u00e1s detalles.<\/p>\n\n\n\n<h2 class=\"wp-block-heading\">Comentarios<\/h2>\n\n\n\n<p>Cuando los visitantes dejan comentarios en la web, recopilamos los datos que se muestran en el formulario de comentarios, as\u00ed como la direcci\u00f3n IP del visitante y la cadena de agentes de usuario del navegador para ayudar a la detecci\u00f3n de spam.<\/p>\n\n\n\n<p>Una cadena an\u00f3nima creada a partir de tu direcci\u00f3n de correo electr\u00f3nico (tambi\u00e9n llamada hash) puede ser proporcionada al servicio de Gravatar para ver si la est\u00e1s usando. La pol\u00edtica de privacidad del servicio Gravatar est\u00e1 disponible aqu\u00ed: https:\/\/automattic.com\/privacy\/. Despu\u00e9s de la aprobaci\u00f3n de tu comentario, la imagen de tu perfil es visible para el p\u00fablico en el contexto de su comentario.<\/p>\n\n\n\n<h2 class=\"wp-block-heading\">Medios<\/h2>\n\n\n\n<p>Si subes im\u00e1genes a la web deber\u00edas evitar subir im\u00e1genes con datos de ubicaci\u00f3n (GPS EXIF) incluidos. Los visitantes de la web pueden descargar y extraer cualquier dato de localizaci\u00f3n de las im\u00e1genes de la web.<\/p>\n\n\n\n<h2 class=\"wp-block-heading\">Cookies<\/h2>\n\n\n\n<p>Si dejas un comentario en nuestro sitio puedes elegir guardar tu nombre, direcci\u00f3n de correo electr\u00f3nico y web en cookies. Esto es para tu comodidad, para que no tengas que volver a rellenar tus datos cuando dejes otro comentario. Estas cookies tendr\u00e1n una duraci\u00f3n de un a\u00f1o.<\/p>\n\n\n\n<p>Si tienes una cuenta y te conectas a este sitio, instalaremos una cookie temporal para determinar si tu navegador acepta cookies. Esta cookie no contiene datos personales y se elimina al cerrar el navegador.<\/p>\n\n\n\n<p>Cuando inicias sesi\u00f3n, tambi\u00e9n instalaremos varias cookies para guardar tu informaci\u00f3n de inicio de sesi\u00f3n y tus opciones de visualizaci\u00f3n de pantalla. Las cookies de inicio de sesi\u00f3n duran dos d\u00edas, y las cookies de opciones de pantalla duran un a\u00f1o. Si seleccionas &#8220;Recordarme&#8221;, tu inicio de sesi\u00f3n perdurar\u00e1 durante dos semanas. Si sales de tu cuenta, las cookies de inicio de sesi\u00f3n se eliminar\u00e1n.<\/p>\n\n\n\n<h2 class=\"wp-block-heading\">Contenido incrustado de otros sitios web<\/h2>\n\n\n\n<p>Los art\u00edculos de este sitio pueden incluir contenido incrustado (por ejemplo, v\u00eddeos, im\u00e1genes, art\u00edculos, etc.). El contenido incrustado de otras web se comporta exactamente de la misma manera que si el visitante hubiera visitado la otra web.<\/p>\n\n\n\n<p>Estas web pueden recopilar datos sobre ti, utilizar cookies, incrustar un seguimiento adicional de terceros, y supervisar tu interacci\u00f3n con ese contenido incrustado, incluido el seguimiento de tu interacci\u00f3n con el contenido incrustado si tienes una cuenta y est\u00e1s conectado a esa web.<\/p>\n\n\n\n<h2 class=\"wp-block-heading\">Cu\u00e1nto tiempo conservamos tus datos<\/h2>\n\n\n\n<p>Si dejas un comentario, el comentario y sus metadatos se conservan indefinidamente. Esto es para que podamos reconocer y aprobar comentarios sucesivos autom\u00e1ticamente en lugar de mantenerlos en una cola de moderaci\u00f3n.<\/p>\n\n\n\n<p>De los usuarios que se registran en nuestra web (si los hay), tambi\u00e9n almacenamos la informaci\u00f3n personal que proporcionan en su perfil de usuario. Todos los usuarios pueden ver, editar o eliminar su informaci\u00f3n personal en cualquier momento (excepto que no pueden cambiar su nombre de usuario). Los administradores de la web tambi\u00e9n pueden ver y editar esa informaci\u00f3n.<\/p>\n\n\n\n<h2 class=\"wp-block-heading\">Qu\u00e9 derechos tienes sobre tus datos<\/h2>\n\n\n\n<p>Puedes solicitar que eliminemos cualquier dato personal que tengamos sobre ti. Esto no incluye ning\u00fan dato que estemos obligados a conservar con fines administrativos, legales o de seguridad.<\/p>\n\n\n\n<h2 class=\"wp-block-heading\">D\u00f3nde enviamos tus datos<\/h2>\n\n\n\n<p>Los comentarios de los visitantes puede que los revise un servicio de detecci\u00f3n autom\u00e1tica de spam.<\/p>\n","protected":false},"excerpt":{"rendered":"<p>Recopilamos informaci\u00f3n tuya durante el proceso de pago en nuestra tienda. Lo que recopilamos y almacenamos Mientras visitas nuestro sitio realizaremos el seguimiento de: Productos que has visto: Los usaremos para, por ejemplo, mostrarte los productos que has visto recientemente Ubicaci\u00f3n, direcci\u00f3n IP y tipo de navegador: usaremos esto para prop\u00f3sitos como estimar impuestos y costes de env\u00edo Direcci\u00f3n de env\u00edo: te pediremos que facilites esto para que podamos, por ejemplo, estimar el coste del env\u00edo antes de que hagas un pedido, \u00a1y enviarte&hellip;<\/p>\n","protected":false},"author":1,"featured_media":0,"parent":0,"menu_order":0,"comment_status":"closed","ping_status":"open","template":"","meta":{"footnotes":""},"class_list":["post-3","page","type-page","status-publish","hentry"],"_links":{"self":[{"href":"http:\/\/test2.e-motioners.com\/didaticstore\/wp-json\/wp\/v2\/pages\/3","targetHints":{"allow":["GET"]}}],"collection":[{"href":"http:\/\/test2.e-motioners.com\/didaticstore\/wp-json\/wp\/v2\/pages"}],"about":[{"href":"http:\/\/test2.e-motioners.com\/didaticstore\/wp-json\/wp\/v2\/types\/page"}],"author":[{"embeddable":true,"href":"http:\/\/test2.e-motioners.com\/didaticstore\/wp-json\/wp\/v2\/users\/1"}],"replies":[{"embeddable":true,"href":"http:\/\/test2.e-motioners.com\/didaticstore\/wp-json\/wp\/v2\/comments?post=3"}],"version-history":[{"count":2,"href":"http:\/\/test2.e-motioners.com\/didaticstore\/wp-json\/wp\/v2\/pages\/3\/revisions"}],"predecessor-version":[{"id":1198,"href":"http:\/\/test2.e-motioners.com\/didaticstore\/wp-json\/wp\/v2\/pages\/3\/revisions\/1198"}],"wp:attachment":[{"href":"http:\/\/test2.e-motioners.com\/didaticstore\/wp-json\/wp\/v2\/media?parent=3"}],"curies":[{"name":"wp","href":"https:\/\/api.w.org\/{rel}","templated":true}]}}