{"id":812,"date":"2016-12-20T16:58:42","date_gmt":"2016-12-20T16:58:42","guid":{"rendered":"http:\/\/wp.ideapark.kz\/kidz\/shop\/?page_id=2"},"modified":"2021-12-06T21:14:01","modified_gmt":"2021-12-07T03:14:01","slug":"terminos-y-condiciones","status":"publish","type":"page","link":"http:\/\/test2.e-motioners.com\/didaticstore\/terminos-y-condiciones\/","title":{"rendered":"T\u00e9rminos y condiciones"},"content":{"rendered":"<p>COMERCIALIZADORA DEL ESTE SHOES SA de CV, le informa a los visitantes y\/o usuarios que los t\u00e9rminos y condiciones de uso y privacidad le son aplicables por el simple uso o acceso a este sitio web o aplicaci\u00f3n m\u00f3vil; por lo que al ingresar al mismo, est\u00e1 plasmando su consentimiento y aceptaci\u00f3n, y como resultado se obliga a su cumplimiento.<\/p>\n<p>En caso de no estar de acuerdo con los t\u00e9rminos y condiciones deber\u00e1 abstenerse de acceder a la aplicaci\u00f3n web.<\/p>\n<p>El acceso o utilizaci\u00f3n de la aplicaci\u00f3n web expresa la adhesi\u00f3n plena y sin reservas del visitante y\/o usuario a los presentes T\u00e9rminos y Condiciones del Presente Aviso Legal, incluyendo sus modificaciones.<\/p>\n<p>Los servicios y contenidos ofrecidos por\u00a0www.didacticstoremexico.com.com, son para usuarios mayores de edad.<\/p>\n<p>Los servicios que est\u00e1n disponibles en la aplicaci\u00f3n web\u00a0www.didacticstoremexico.com.com, requieren el registro de informaci\u00f3n personal, al acceder a estas plataformas el visitante y\/o usuario se compromete a proporcionar datos precisos, exactos y verdaderos acerca de su persona y con la obligaci\u00f3n de informar al correo electr\u00f3nico\u00a0ventas@test2.e-motioners.com\u00a0en caso de alg\u00fan cambio de los datos registrados para actualizar r\u00e1pidamente los mismos.<\/p>\n<p><strong>Modificaci\u00f3n del Aviso<\/strong><\/p>\n<p>Debido al constante cambio de las plataformas en internet, as\u00ed como de la forma de ofrecer y prestar servicios, COMERCIALIZADORA DEL ESTE SHOES SA de CV podr\u00e1 realizar cambios a los t\u00e9rminos y condiciones en cualquier momento, haci\u00e9ndolos p\u00fablicos en el sitio\u00a0www.didacticstoremexico.com.com\u00a0todos los t\u00e9rminos modificados entraran en vigor a los 10 d\u00edas de su publicaci\u00f3n, el usuario deber\u00e1 comunicar por correo electr\u00f3nico (ventas@test2.e-motioners.com) si no acepta dichos cambios. Vencido este plazo se considera que el usuario acepta los nuevos t\u00e9rminos.<\/p>\n<p>Por lo anterior el Visitante y\/o Usuario se compromete a leer atentamente el presente Aviso Legal cada vez que pretenda utilizar el Portal.<\/p>\n<p><strong>No responsabilidad<\/strong><\/p>\n<p>El Visitante y\/o Usuario libera de manera absoluta a COMERCIALIZADORA DEL ESTE SHOES SA de CV de cualquier tipo de responsabilidad civil, penal, administrativa, as\u00ed como de cualquier da\u00f1o o perjuicio que pudiera surgir del uso de los servicios y de la informaci\u00f3n disponible en su sitio web o aplicaci\u00f3n m\u00f3vil.<\/p>\n<p>COMERCIALIZADORA DEL ESTE SHOES SA de CV no se responsabiliza por cualquier da\u00f1o, perjuicio o p\u00e9rdida al Visitante y\/o Usuario causados por fallas en el sistema, servidor o en Internet. COMERCIALIZADORA DEL ESTE SHOES SA de CV tampoco ser\u00e1 responsable por cualquier virus que pudiera infectar el equipo del Visitante y\/o Usuario como consecuencia del acceso, uso o examen de su sitio web, aplicaci\u00f3n m\u00f3vil o a ra\u00edz de cualquier transferencia de datos, archivos, im\u00e1genes, textos, o audio contenidos en el mismo. Los Visitantes y\/o Usuarios no podr\u00e1n imputarle responsabilidad alguna ni exigir pago por lucro cesante, en virtud de perjuicios resultantes de dificultades t\u00e9cnicas o fallas en los sistemas o en Internet.<\/p>\n<p>COMERCIALIZADORA DEL ESTE SHOES SA de CV no garantiza el acceso y uso continuado o ininterrumpido de su sitio. El sistema puede eventualmente no estar disponible debido a dificultades t\u00e9cnicas o fallas de Internet, o por cualquier otra circunstancia ajena a COMERCIALIZADORA DEL ESTE SHOES SA de CV; en tales casos se procurar\u00e1 restablecerlo con la mayor celeridad posible sin que por ello pueda imput\u00e1rsele alg\u00fan tipo de responsabilidad. COMERCIALIZADORA DEL ESTE SHOES SA de CV no ser\u00e1 responsable por ning\u00fan error u omisi\u00f3n de contenidos en su sitio web.<\/p>\n<p><strong>Usos Permitidos<\/strong><\/p>\n<p>El aprovechamiento de los Servicios y Contenidos del sitio web o aplicaci\u00f3n m\u00f3vil es<\/p>\n<p>exclusiva responsabilidad del Visitante y\/o Usuario, quien en todo caso deber\u00e1 servirse de ellos acorde a las funcionalidades permitidas en la propia p\u00e1gina y a los usos autorizados en el presente Aviso Legal, por lo que el Usuario se obliga a utilizarlos de modo tal que no atenten contra las normas de uso y convivencia en Internet, las leyes de los Estados Unidos Mexicanos y la legislaci\u00f3n vigente en el pa\u00eds en que el Usuario se encuentre al usarlos, las buenas costumbres, la dignidad de la persona y los derechos de terceros. El sitio web es para el uso individual del Usuario por lo que no podr\u00e1 comercializar de manera alguna los Servicios y Contenidos.<\/p>\n<p><strong>Restricciones<\/strong><\/p>\n<p>El Visitante y\/o Usuario no tiene el derecho de colocar h\u00edper ligas al Portal, ni el derecho de colocar o utilizar los Servicios y Contenidos de la P\u00e1gina en sitios o p\u00e1ginas propias o de terceros sin autorizaci\u00f3n previa y por escrito de COMERCIALIZADORA DEL ESTE SHOES SA de CV. As\u00ed mismo, el Usuario no tendr\u00e1 el derecho de limitar o impedir a cualquier otro Usuario el uso del Portal Web.<\/p>\n<p>El hecho de que se ofrezca informaci\u00f3n en la p\u00e1gina web, Portal o en otros ligados o vinculados, no implica la recomendaci\u00f3n, garant\u00eda, patrocinio o probaci\u00f3n por parte de COMERCIALIZADORA DEL ESTE SHOES SA de CV respecto dicha informaci\u00f3n, bienes y\/o servicios. La disponibilidad de bienes y\/o servicios ofertados por terceros o por sitios ligados o vinculados, no es responsabilidad de COMERCIALIZADORA DEL ESTE SHOES SA de CV<\/p>\n<p><strong>Confidencialidad<\/strong><\/p>\n<p>COMERCIALIZADORA DEL ESTE SHOES SA de CV se obliga a mantener confidencial la informaci\u00f3n que reciba del Usuario que tenga dicho car\u00e1cter conforme a las disposiciones legales aplicables. Para m\u00e1s informaci\u00f3n\u00a0www.didacticstoremexico.com.com<\/p>\n<p><strong>Marcas y derechos de autor<\/strong><\/p>\n<p>Las marcas, logotipos, avisos comerciales, signos distintivos, nombres comerciales, patentes, dise\u00f1os industriales y dem\u00e1s derechos de Propiedad Intelectual que se muestren, se\u00f1alen, se describan o se mencionen dentro de la p\u00e1gina web, son propiedad de COMERCIALIZADORA DEL ESTE SHOES SA de CV, por lo cual su exhibici\u00f3n no genera ning\u00fan tipo de derecho que tenga sobre ellos el Visitante y\/o Usuario.<\/p>\n<p>Los Usuarios y\/o Visitantes no tienen autorizaci\u00f3n para el uso de la propiedad intelectual mostrada en la p\u00e1gina.<\/p>\n<p>El contenido disponible a trav\u00e9s del sitio web est\u00e1 protegido por la legislaci\u00f3n correspondiente de Derechos de Autor y de Derechos de Propiedad Intelectual<\/p>\n<p><strong>Terminaci\u00f3n de los servicios<\/strong><\/p>\n<p>COMERCIALIZADORA DEL ESTE SHOES SA de CV se reserva el derecho a negar o dar por terminado el acceso o el uso a un visitante y\/o usuario al sitio, a cualquier servicio o producto o cualquier parte de los mismos, salvo aquellas estipuladas por el respectivo contrato de servicios.<\/p>\n<p><strong>Clave de Acceso<\/strong><\/p>\n<p>En todo momento, el Usuario y\/o Visitante es el responsable \u00fanico y final de mantener en secreto sus claves de acceso con la cual tenga acceso a ciertos Servicios y Contenidos de la aplicaci\u00f3n web.<\/p>\n<p><strong>Jurisdicci\u00f3n<\/strong><\/p>\n<p>El visitante y\/o usuario aceptan asimismo y por medio del presente se somete a la exclusiva jurisdicci\u00f3n y ley aplicable de los tribunales competentes de la ciudad de M\u00e9xico, renunciando expresamente a cualquier otro fuero que por raz\u00f3n de su domicilio presente o futuro pudiera corresponderles.<\/p>\n","protected":false},"excerpt":{"rendered":"<p>COMERCIALIZADORA DEL ESTE SHOES SA de CV, le informa a los visitantes y\/o usuarios que los t\u00e9rminos y condiciones de uso y privacidad le son aplicables por el simple uso o acceso a este sitio web o aplicaci\u00f3n m\u00f3vil; por lo que al ingresar al mismo, est\u00e1 plasmando su consentimiento y aceptaci\u00f3n, y como resultado se obliga a su cumplimiento. En caso de no estar de acuerdo con los t\u00e9rminos y condiciones deber\u00e1 abstenerse de acceder a la aplicaci\u00f3n web. El acceso o utilizaci\u00f3n&hellip;<\/p>\n","protected":false},"author":1,"featured_media":0,"parent":0,"menu_order":0,"comment_status":"closed","ping_status":"open","template":"","meta":{"footnotes":""},"class_list":["post-812","page","type-page","status-publish","hentry"],"_links":{"self":[{"href":"http:\/\/test2.e-motioners.com\/didaticstore\/wp-json\/wp\/v2\/pages\/812","targetHints":{"allow":["GET"]}}],"collection":[{"href":"http:\/\/test2.e-motioners.com\/didaticstore\/wp-json\/wp\/v2\/pages"}],"about":[{"href":"http:\/\/test2.e-motioners.com\/didaticstore\/wp-json\/wp\/v2\/types\/page"}],"author":[{"embeddable":true,"href":"http:\/\/test2.e-motioners.com\/didaticstore\/wp-json\/wp\/v2\/users\/1"}],"replies":[{"embeddable":true,"href":"http:\/\/test2.e-motioners.com\/didaticstore\/wp-json\/wp\/v2\/comments?post=812"}],"version-history":[{"count":1,"href":"http:\/\/test2.e-motioners.com\/didaticstore\/wp-json\/wp\/v2\/pages\/812\/revisions"}],"predecessor-version":[{"id":1200,"href":"http:\/\/test2.e-motioners.com\/didaticstore\/wp-json\/wp\/v2\/pages\/812\/revisions\/1200"}],"wp:attachment":[{"href":"http:\/\/test2.e-motioners.com\/didaticstore\/wp-json\/wp\/v2\/media?parent=812"}],"curies":[{"name":"wp","href":"https:\/\/api.w.org\/{rel}","templated":true}]}}