{"id":38,"date":"2021-07-12T14:54:48","date_gmt":"2021-07-12T14:54:48","guid":{"rendered":"http:\/\/test2.e-motioners.com\/tostifrutas\/?page_id=38"},"modified":"2021-09-27T17:49:43","modified_gmt":"2021-09-27T17:49:43","slug":"nosotros","status":"publish","type":"page","link":"https:\/\/test2.e-motioners.com\/tostifrutas\/nosotros\/","title":{"rendered":"Nosotros"},"content":{"rendered":"<p>\n\t\t\t<!-- START Slider 1 11 REVOLUTION SLIDER 6.5.7 --><p class=\"rs-p-wp-fix\"><\/p>\n\t\t\t<rs-module-wrap id=\"rev_slider_4_1_wrapper\" data-source=\"gallery\" style=\"visibility:hidden;background:transparent;padding:0;margin:0px auto;margin-top:0;margin-bottom:0;\">\n\t\t\t\t<rs-module id=\"rev_slider_4_1\" style=\"\" data-version=\"6.5.7\">\n\t\t\t\t\t<rs-slides>\n\t\t\t\t\t\t<rs-slide style=\"position: absolute;\" data-key=\"rs-4\" data-title=\"Slide\" data-in=\"o:0;\" data-out=\"a:false;\">\n\t\t\t\t\t\t\t<img loading=\"lazy\" decoding=\"async\" src=\"\/\/test2.e-motioners.com\/tostifrutas\/wp-content\/plugins\/revslider\/public\/assets\/assets\/dummy.png\" title=\"FondoSlide-nosotros\" width=\"1920\" height=\"774\" class=\"rev-slidebg tp-rs-img rs-lazyload\" data-lazyload=\"\/\/test2.e-motioners.com\/tostifrutas\/wp-content\/uploads\/2021\/07\/FondoSlide-nosotros.png\" data-no-retina>\n<!--\n\t\t\t\t\t\t\t--><rs-layer\n\t\t\t\t\t\t\t\tid=\"slider-4-slide-4-layer-0\" \n\t\t\t\t\t\t\t\tdata-type=\"text\"\n\t\t\t\t\t\t\t\tdata-rsp_ch=\"on\"\n\t\t\t\t\t\t\t\tdata-xy=\"xo:150px,123px,93px,57px;yo:268px,221px,167px,98px;\"\n\t\t\t\t\t\t\t\tdata-text=\"w:normal;s:45,37,28,27;l:25,20,15,9;\"\n\t\t\t\t\t\t\t\tdata-dim=\"h:34px,28px,21px,12px;\"\n\t\t\t\t\t\t\t\tdata-frame_999=\"o:0;st:w;\"\n\t\t\t\t\t\t\t\tstyle=\"z-index:5;font-family:'Open Sans';\"\n\t\t\t\t\t\t\t>Disfruta lo natural \n\t\t\t\t\t\t\t<\/rs-layer><!--\n\n\t\t\t\t\t\t\t--><rs-layer\n\t\t\t\t\t\t\t\tid=\"slider-4-slide-4-layer-1\" \n\t\t\t\t\t\t\t\tdata-type=\"text\"\n\t\t\t\t\t\t\t\tdata-rsp_ch=\"on\"\n\t\t\t\t\t\t\t\tdata-xy=\"xo:152px,125px,94px,57px;yo:315px,260px,197px,127px;\"\n\t\t\t\t\t\t\t\tdata-text=\"w:normal;s:19,15,11,16;l:30,24,18,22;\"\n\t\t\t\t\t\t\t\tdata-dim=\"w:551px,455px,345px,261px;\"\n\t\t\t\t\t\t\t\tdata-frame_999=\"o:0;st:w;\"\n\t\t\t\t\t\t\t\tstyle=\"z-index:6;font-family:'Open Sans';\"\n\t\t\t\t\t\t\t>Disfruta nuestros deliciosos snacks de frutas y verduras 100% naturales sin conservadores, aditivos o az\u00facares a\u00f1adidos \n\t\t\t\t\t\t\t<\/rs-layer><!--\n\n\t\t\t\t\t\t\t--><a\n\t\t\t\t\t\t\t\tid=\"slider-4-slide-4-layer-2\" \n\t\t\t\t\t\t\t\tclass=\"rs-layer rev-btn\"\n\t\t\t\t\t\t\t\thref=\"\" target=\"_self\"\n\t\t\t\t\t\t\t\tdata-type=\"button\"\n\t\t\t\t\t\t\t\tdata-rsp_ch=\"on\"\n\t\t\t\t\t\t\t\tdata-xy=\"xo:151px,124px,94px,57px;yo:386px,318px,241px,225px;\"\n\t\t\t\t\t\t\t\tdata-text=\"w:normal;s:18,14,10,12;l:50,41,31,19;fw:500;a:left,left,left,center;\"\n\t\t\t\t\t\t\t\tdata-dim=\"w:273px,225px,170px,158px;h:50px,41px,31px,21px;minh:0px,none,none,none;\"\n\t\t\t\t\t\t\t\tdata-padding=\"r:40,33,25,15;l:40,33,25,15;\"\n\t\t\t\t\t\t\t\tdata-border=\"bor:15px,15px,15px,15px;\"\n\t\t\t\t\t\t\t\tdata-frame_999=\"o:0;st:w;\"\n\t\t\t\t\t\t\t\tdata-frame_hover=\"bgc:#007aff;bor:3px,3px,3px,3px;sp:100;e:power1.inOut;bri:120%;\"\n\t\t\t\t\t\t\t\tstyle=\"z-index:7;background-color:#366000;font-family:'Roboto';\"\n\t\t\t\t\t\t\t>CONOCE LA VARIEDAD \n\t\t\t\t\t\t\t<\/a><!--\n-->\t\t\t\t\t\t<\/rs-slide>\n\t\t\t\t\t<\/rs-slides>\n\t\t\t\t<\/rs-module>\n\t\t\t\t<script type=\"text\/javascript\">\n\t\t\t\t\tsetREVStartSize({c: 'rev_slider_4_1',rl:[1240,1024,778,480],el:[740,610,560,570],gw:[1240,1024,778,480],gh:[740,610,560,570],type:'standard',justify:'',layout:'fullwidth',mh:\"0\"});if (window.RS_MODULES!==undefined && window.RS_MODULES.modules!==undefined && window.RS_MODULES.modules[\"revslider41\"]!==undefined) {window.RS_MODULES.modules[\"revslider41\"].once = false;window.revapi4 = undefined;if (window.RS_MODULES.checkMinimal!==undefined) window.RS_MODULES.checkMinimal()}\n\t\t\t\t<\/script>\n\t\t\t<\/rs-module-wrap>\n\t\t\t<!-- END REVOLUTION SLIDER -->\n<br \/>\n<!-- TF Conocer --><\/p>\n<section id=\"tf-nosotros2\">\n<div class=\"container\">\n<h3>\u201cDisfruta nuestros deliciosos snacks de frutas y verduras<br \/>\n100% naturales sin conservadores, aditivos o az\u00facares a\u00f1adidos\u201d<\/h3>\n<p class=\"describe-tf1\">Tostifrutas es una empresa mexicana dedicada a la producci\u00f3n de Frutas y Verduras Deshidratadas 100% naturales las cuales seleccionamos y procesamos artesanalmente para ofrecer a nuestros clientes productos libres de conservadores, saborizantes o az\u00facares a\u00f1adidos en forma de hojuelas deshidratadas crujientes con alto valor nutricional y que representan una excelente opci\u00f3n para disfrutarse como snacks y botanas saludables.<\/p>\n<h3>\u00a1Tostifrutas, la mejor opci\u00f3n para tu salud y antojo!<\/h3>\n<p class=\"describe-tf1\">Nuestros productos son manufacturados bajo un proceso de deshidrataci\u00f3n natural que garantiza la conservaci\u00f3n de la mayor\u00eda de los principales nutrientes de las frutas y verduras. Al no contener conservadores ni saborizantes artificiales son una excelente opci\u00f3n como snacks y botanas crujientes, saludables y cien por ciento naturales para aquellos que se preocupan por consumir productos de alta calidad nutricional.<\/p>\n<p class=\"describe-tf1\">Tostifrutas se caracteriza por la gran variedad de productos que elabora, utilizando procesos artesanales que ayudan a conservar las propiedades naturales de las frutas y verduras. Nuestros productos superan a la competencia, pues conservan la consistencia crujiente, colores, sabores y olores caracter\u00edsticos de las frutas y verduras por m\u00e1s tiempo. Dicha consistencia las hace bastante agradables al paladar, por lo que siempre disfrutar\u00e1s su sabor \u00fanico y natural que tanto te gusta.<\/p>\n<\/div>\n<\/section>\n<p><!-- Fin conocer --><br \/>\n<!-- Ventajas --><\/p>\n<section id=\"tf-ventajas\">\n<div class=\"row margen-nosotros-6columns\">\n<div class=\"col-sm-6\"><img decoding=\"async\" class=\"img-responsive center-block\" src=\"http:\/\/test2.e-motioners.com\/tostifrutas\/wp-content\/uploads\/2021\/07\/nosotros-saludable.png\"><\/div>\n<div class=\"col-sm-6\">\n<h4 class=\"title-nosotros-6columns\">Ventajas para<br \/>\nla econom\u00eda local<\/h4>\n<p class=\"parrafo-nosotros-6columns\">Estan elaborados con frutas y verduras que han sido sembradas y cosechadas por manos de familias mexicanas en campos y huertos del pa\u00eds.<\/p>\n<p><img decoding=\"async\" class=\"center-block\" src=\"http:\/\/test2.e-motioners.com\/tostifrutas\/wp-content\/uploads\/2021\/07\/planta-web.png\"><\/p>\n<\/div>\n<\/div>\n<\/section>\n<p><!-- Fin ventajas --><\/p>\n<section id=\"tf-seleccion\">\n<div class=\"container\">\n<div class=\"row\">\n<div class=\"col-sm-6\">\n<h4 class=\"title-seleccion\">Acerca del proceso<br \/>\nde nuestra empresa<\/h4>\n<p class=\" parrafo1-seleccion\">El proceso de deshidrataci\u00f3n que utilizamos en Tostifrutas es totalmente natural. Las frutas y verduras se cortan en rodajas con un grosor uniforme que garantiza que la sensaci\u00f3n al probarlas siempre sea la mejor.<\/p>\n<p class=\"parrafo2-seleccion\">Despu\u00e9s, las rebanadas son expuestas a corrientes de aire caliente que eliminan el excedente de agua propio de las mismas. Al no utilizar temperaturas elevadas conservamos la mayor\u00eda de las propiedades de las frutas y verduras, haci\u00e9ndolas una fuente importante de nutrientes 100% saludables.<\/p>\n<\/div>\n<div class=\"col-sm-6\">\n<div id=\"carousel-example-generic\" class=\"carousel slide ancho-carrousel\" data-ride=\"carousel\"><!-- Indicators -->&nbsp;&nbsp;<\/p>\n<ol class=\"carousel-indicators\">\n<li class=\"active\" data-target=\"#carousel-example-generic\" data-slide-to=\"0\">&nbsp;<\/li>\n<li data-target=\"#carousel-example-generic\" data-slide-to=\"1\">&nbsp;<\/li>\n<\/ol>\n<p><!-- Wrapper for slides --><\/p>\n<div class=\"carousel-inner sombra-rectangulo\" role=\"listbox\">\n<div class=\"item active centro\"><img decoding=\"async\" class=\"center-block margentop-img\" src=\"http:\/\/test2.e-motioners.com\/tostifrutas\/wp-content\/uploads\/2021\/07\/seleccion-web.png\">&nbsp;&nbsp;<\/p>\n<p class=\"title-carrusel\">Selecci\u00f3n<\/p>\n<p class=\"parrafo-carrusel\">Consiste en elegir aquellas frutas y verduras de primera calidad que cuentan con una madurez ideal para ser deshidratadas.<\/p>\n<\/div>\n<div class=\"item centro\"><img decoding=\"async\" class=\"center-block margentop-img\" src=\"http:\/\/test2.e-motioners.com\/tostifrutas\/wp-content\/uploads\/2021\/07\/desidrata-web.png\">&nbsp;&nbsp;<\/p>\n<p class=\"title-carrusel\">Deshidrataci\u00f3n<\/p>\n<p class=\"parrafo-carrusel\">Consiste en eliminar el excedente de agua de las frutas y verduras<\/p>\n<\/div>\n<\/div>\n<\/div>\n<\/div>\n<\/div>\n<\/div>\n<\/section>\n<p><!-- contact --><\/p>\n<section id=\"section-contact\">\n<div class=\"container\">\n<div class=\"row\">\n<h4>Escr\u00edbenos y con gusto te visitaremos<\/h4>\n<p><a class=\"btnContact centrar\" href=\"http:\/\/test2.e-motioners.com\/tostifrutas\/contacto\/\">IR A CONTACTO<\/a><\/p>\n<\/div>\n<\/div>\n<\/section>\n<p><!-- fin contact --><\/p>\n","protected":false},"excerpt":{"rendered":"<p>\u201cDisfruta nuestros deliciosos snacks de frutas y verduras 100% naturales sin conservadores, aditivos o az\u00facares a\u00f1adidos\u201d Tostifrutas es una empresa mexicana dedicada a la producci\u00f3n de Frutas y Verduras Deshidratadas 100% naturales las cuales seleccionamos y procesamos artesanalmente para ofrecer a nuestros clientes productos libres de conservadores, saborizantes o az\u00facares a\u00f1adidos en forma de hojuelas [&hellip;]<\/p>\n","protected":false},"author":1,"featured_media":0,"parent":0,"menu_order":0,"comment_status":"closed","ping_status":"closed","template":"","meta":{"footnotes":""},"class_list":["post-38","page","type-page","status-publish","hentry","entry"],"_links":{"self":[{"href":"https:\/\/test2.e-motioners.com\/tostifrutas\/wp-json\/wp\/v2\/pages\/38","targetHints":{"allow":["GET"]}}],"collection":[{"href":"https:\/\/test2.e-motioners.com\/tostifrutas\/wp-json\/wp\/v2\/pages"}],"about":[{"href":"https:\/\/test2.e-motioners.com\/tostifrutas\/wp-json\/wp\/v2\/types\/page"}],"author":[{"embeddable":true,"href":"https:\/\/test2.e-motioners.com\/tostifrutas\/wp-json\/wp\/v2\/users\/1"}],"replies":[{"embeddable":true,"href":"https:\/\/test2.e-motioners.com\/tostifrutas\/wp-json\/wp\/v2\/comments?post=38"}],"version-history":[{"count":18,"href":"https:\/\/test2.e-motioners.com\/tostifrutas\/wp-json\/wp\/v2\/pages\/38\/revisions"}],"predecessor-version":[{"id":242,"href":"https:\/\/test2.e-motioners.com\/tostifrutas\/wp-json\/wp\/v2\/pages\/38\/revisions\/242"}],"wp:attachment":[{"href":"https:\/\/test2.e-motioners.com\/tostifrutas\/wp-json\/wp\/v2\/media?parent=38"}],"curies":[{"name":"wp","href":"https:\/\/api.w.org\/{rel}","templated":true}]}}