{"id":43,"date":"2021-07-12T15:04:18","date_gmt":"2021-07-12T15:04:18","guid":{"rendered":"http:\/\/test2.e-motioners.com\/tostifrutas\/?page_id=43"},"modified":"2021-10-08T18:50:00","modified_gmt":"2021-10-08T18:50:00","slug":"contacto","status":"publish","type":"page","link":"https:\/\/test2.e-motioners.com\/tostifrutas\/contacto\/","title":{"rendered":"Contacto"},"content":{"rendered":"<p>\n\t\t\t<!-- START Slider 1 11 REVOLUTION SLIDER 6.5.7 --><p class=\"rs-p-wp-fix\"><\/p>\n\t\t\t<rs-module-wrap id=\"rev_slider_4_1_wrapper\" data-source=\"gallery\" style=\"visibility:hidden;background:transparent;padding:0;margin:0px auto;margin-top:0;margin-bottom:0;\">\n\t\t\t\t<rs-module id=\"rev_slider_4_1\" style=\"\" data-version=\"6.5.7\">\n\t\t\t\t\t<rs-slides>\n\t\t\t\t\t\t<rs-slide style=\"position: absolute;\" data-key=\"rs-4\" data-title=\"Slide\" data-in=\"o:0;\" data-out=\"a:false;\">\n\t\t\t\t\t\t\t<img loading=\"lazy\" decoding=\"async\" src=\"\/\/test2.e-motioners.com\/tostifrutas\/wp-content\/plugins\/revslider\/public\/assets\/assets\/dummy.png\" title=\"FondoSlide-nosotros\" width=\"1920\" height=\"774\" class=\"rev-slidebg tp-rs-img rs-lazyload\" data-lazyload=\"\/\/test2.e-motioners.com\/tostifrutas\/wp-content\/uploads\/2021\/07\/FondoSlide-nosotros.png\" data-no-retina>\n<!--\n\t\t\t\t\t\t\t--><rs-layer\n\t\t\t\t\t\t\t\tid=\"slider-4-slide-4-layer-0\" \n\t\t\t\t\t\t\t\tdata-type=\"text\"\n\t\t\t\t\t\t\t\tdata-rsp_ch=\"on\"\n\t\t\t\t\t\t\t\tdata-xy=\"xo:150px,123px,93px,57px;yo:268px,221px,167px,98px;\"\n\t\t\t\t\t\t\t\tdata-text=\"w:normal;s:45,37,28,27;l:25,20,15,9;\"\n\t\t\t\t\t\t\t\tdata-dim=\"h:34px,28px,21px,12px;\"\n\t\t\t\t\t\t\t\tdata-frame_999=\"o:0;st:w;\"\n\t\t\t\t\t\t\t\tstyle=\"z-index:5;font-family:'Open Sans';\"\n\t\t\t\t\t\t\t>Disfruta lo natural \n\t\t\t\t\t\t\t<\/rs-layer><!--\n\n\t\t\t\t\t\t\t--><rs-layer\n\t\t\t\t\t\t\t\tid=\"slider-4-slide-4-layer-1\" \n\t\t\t\t\t\t\t\tdata-type=\"text\"\n\t\t\t\t\t\t\t\tdata-rsp_ch=\"on\"\n\t\t\t\t\t\t\t\tdata-xy=\"xo:152px,125px,94px,57px;yo:315px,260px,197px,127px;\"\n\t\t\t\t\t\t\t\tdata-text=\"w:normal;s:19,15,11,16;l:30,24,18,22;\"\n\t\t\t\t\t\t\t\tdata-dim=\"w:551px,455px,345px,261px;\"\n\t\t\t\t\t\t\t\tdata-frame_999=\"o:0;st:w;\"\n\t\t\t\t\t\t\t\tstyle=\"z-index:6;font-family:'Open Sans';\"\n\t\t\t\t\t\t\t>Disfruta nuestros deliciosos snacks de frutas y verduras 100% naturales sin conservadores, aditivos o az\u00facares a\u00f1adidos \n\t\t\t\t\t\t\t<\/rs-layer><!--\n\n\t\t\t\t\t\t\t--><a\n\t\t\t\t\t\t\t\tid=\"slider-4-slide-4-layer-2\" \n\t\t\t\t\t\t\t\tclass=\"rs-layer rev-btn\"\n\t\t\t\t\t\t\t\thref=\"\" target=\"_self\"\n\t\t\t\t\t\t\t\tdata-type=\"button\"\n\t\t\t\t\t\t\t\tdata-rsp_ch=\"on\"\n\t\t\t\t\t\t\t\tdata-xy=\"xo:151px,124px,94px,57px;yo:386px,318px,241px,225px;\"\n\t\t\t\t\t\t\t\tdata-text=\"w:normal;s:18,14,10,12;l:50,41,31,19;fw:500;a:left,left,left,center;\"\n\t\t\t\t\t\t\t\tdata-dim=\"w:273px,225px,170px,158px;h:50px,41px,31px,21px;minh:0px,none,none,none;\"\n\t\t\t\t\t\t\t\tdata-padding=\"r:40,33,25,15;l:40,33,25,15;\"\n\t\t\t\t\t\t\t\tdata-border=\"bor:15px,15px,15px,15px;\"\n\t\t\t\t\t\t\t\tdata-frame_999=\"o:0;st:w;\"\n\t\t\t\t\t\t\t\tdata-frame_hover=\"bgc:#007aff;bor:3px,3px,3px,3px;sp:100;e:power1.inOut;bri:120%;\"\n\t\t\t\t\t\t\t\tstyle=\"z-index:7;background-color:#366000;font-family:'Roboto';\"\n\t\t\t\t\t\t\t>CONOCE LA VARIEDAD \n\t\t\t\t\t\t\t<\/a><!--\n-->\t\t\t\t\t\t<\/rs-slide>\n\t\t\t\t\t<\/rs-slides>\n\t\t\t\t<\/rs-module>\n\t\t\t\t<script type=\"text\/javascript\">\n\t\t\t\t\tsetREVStartSize({c: 'rev_slider_4_1',rl:[1240,1024,778,480],el:[740,610,560,570],gw:[1240,1024,778,480],gh:[740,610,560,570],type:'standard',justify:'',layout:'fullwidth',mh:\"0\"});if (window.RS_MODULES!==undefined && window.RS_MODULES.modules!==undefined && window.RS_MODULES.modules[\"revslider41\"]!==undefined) {window.RS_MODULES.modules[\"revslider41\"].once = false;window.revapi4 = undefined;if (window.RS_MODULES.checkMinimal!==undefined) window.RS_MODULES.checkMinimal()}\n\t\t\t\t<\/script>\n\t\t\t<\/rs-module-wrap>\n\t\t\t<!-- END REVOLUTION SLIDER -->\n<br \/>\n<!-- Formulario --><\/p>\n<section id=\"tf-contacto\">\n<div class=\"container\">\n<div class=\"row\">\n<div class=\"col-sm-6\">\n<p class=\"parrafo-contacto\">E: <a class=\"correo-contacto\" href=\"mailto:contacto@tostifrutas.com\">contacto@tostifrutas.com<\/a><br \/>\nT: <a class=\"tel-contacto\" href=\"tel: +527976881334\">797-688-13-34<\/a><br \/>\nT: <a class=\"tel-contacto\" href=\"tel: +527979713032\">797-971-30-32<\/a><\/p>\n<p>Para ventas de mayoreo favor de contactarnos v\u00eda telef\u00f3nica o en nuestra cuenta de correo <b>contacto@tostifrutas.com <\/b><\/p>\n<p=\"\">Km. 66.6 Carretera Federal Apizaco-Zacatl\u00e1n<br \/>\nTomatl\u00e1n<br \/>\nZacatl\u00e1n, Puebla. 73314\n<\/p=\"\"><a class=\"tel-contacto\" href=\"tel: +52\" <p=\"\"><img decoding=\"async\" class=\"img-responsive center-block\" src=\"http:\/\/test2.e-motioners.com\/tostifrutas\/wp-content\/uploads\/2021\/07\/telefono-frutas.png\"><\/a><\/p>\n<p><a class=\"tel-contacto\" href=\"tel: +52\" <p=\"\">\n<\/a><a class=\"tel-contacto\" href=\"tel: +52\" <p=\"\"><\/a><\/p>\n<\/div>\n<p><a class=\"tel-contacto\" href=\"tel: +52\" <p=\"\">\n<\/a><\/p>\n<div class=\"col-sm-6\"><a class=\"tel-contacto\" href=\"tel: +52\" <p=\"\">\n<div class=\"container-fluid\"><div class=\"wpforms-container wpforms-container-full\" id=\"wpforms-147\"><form id=\"wpforms-form-147\" class=\"wpforms-validate wpforms-form\" data-formid=\"147\" method=\"post\" enctype=\"multipart\/form-data\" action=\"\/tostifrutas\/wp-json\/wp\/v2\/pages\/43\" data-token=\"2047dab77a981d72995e873ff5956884\"><noscript class=\"wpforms-error-noscript\">Por favor, activa JavaScript en tu navegador para completar este formulario.<\/noscript><div class=\"wpforms-field-container\"><div id=\"wpforms-147-field_0-container\" class=\"wpforms-field wpforms-field-name\" data-field-id=\"0\"><label class=\"wpforms-field-label\" for=\"wpforms-147-field_0\">Nombre <span class=\"wpforms-required-label\">*<\/span><\/label><div class=\"wpforms-field-row wpforms-field-medium\"><div class=\"wpforms-field-row-block wpforms-first wpforms-one-half\"><input type=\"text\" id=\"wpforms-147-field_0\" class=\"wpforms-field-name-first wpforms-field-required\" name=\"wpforms[fields][0][first]\" required><label for=\"wpforms-147-field_0\" class=\"wpforms-field-sublabel after \">Nombre<\/label><\/div><div class=\"wpforms-field-row-block wpforms-one-half\"><input type=\"text\" id=\"wpforms-147-field_0-last\" class=\"wpforms-field-name-last wpforms-field-required\" name=\"wpforms[fields][0][last]\" required><label for=\"wpforms-147-field_0-last\" class=\"wpforms-field-sublabel after \">Apellidos<\/label><\/div><\/div><\/div><div id=\"wpforms-147-field_1-container\" class=\"wpforms-field wpforms-field-email\" data-field-id=\"1\"><label class=\"wpforms-field-label\" for=\"wpforms-147-field_1\">Correo electr\u00f3nico <span class=\"wpforms-required-label\">*<\/span><\/label><input type=\"email\" id=\"wpforms-147-field_1\" class=\"wpforms-field-medium wpforms-field-required\" name=\"wpforms[fields][1]\" required><\/div><div id=\"wpforms-147-field_2-container\" class=\"wpforms-field wpforms-field-textarea\" data-field-id=\"2\"><label class=\"wpforms-field-label\" for=\"wpforms-147-field_2\">Comentario o mensaje <span class=\"wpforms-required-label\">*<\/span><\/label><textarea id=\"wpforms-147-field_2\" class=\"wpforms-field-medium wpforms-field-required\" name=\"wpforms[fields][2]\" required><\/textarea><\/div><\/div><div class=\"wpforms-submit-container\" ><input type=\"hidden\" name=\"wpforms[id]\" value=\"147\"><input type=\"hidden\" name=\"wpforms[author]\" value=\"1\"><button type=\"submit\" name=\"wpforms[submit]\" class=\"wpforms-submit \" id=\"wpforms-submit-147\" value=\"wpforms-submit\" aria-live=\"assertive\" data-alt-text=\"Enviando...\" data-submit-text=\"Enviar\">Enviar<\/button><\/div><\/form><\/div>  <!-- .wpforms-container --><\/div>\n<p><\/a><a class=\"tel-contacto\" href=\"tel: +52\" <p=\"\"><\/a><a class=\"tel-contacto\" href=\"tel: +52\" <p=\"\"><\/a><a class=\"tel-contacto\" href=\"tel: +52\" <p=\"\"><\/a><a class=\"tel-contacto\" href=\"tel: +52\" <p=\"\"><\/a><a class=\"tel-contacto\" href=\"tel: +52\" <p=\"\"><\/a><a class=\"tel-contacto\" href=\"tel: +52\" <p=\"\"><\/a><a class=\"tel-contacto\" href=\"tel: +52\" <p=\"\"><\/a><a class=\"tel-contacto\" href=\"tel: +52\" <p=\"\"><\/a><a class=\"tel-contacto\" href=\"tel: +52\" <p=\"\"><\/a><\/p>\n<\/div>\n<p><a class=\"tel-contacto\" href=\"tel: +52\" <p=\"\">\n<\/a><a class=\"tel-contacto\" href=\"tel: +52\" <p=\"\"><\/a><\/p>\n<\/div>\n<p><a class=\"tel-contacto\" href=\"tel: +52\" <p=\"\">\n<\/a><\/p>\n<\/div>\n<p><a class=\"tel-contacto\" href=\"tel: +52\" <p=\"\">\n<\/a><\/p>\n<\/section>\n<p><a class=\"tel-contacto\" href=\"tel: +52\" <p=\"\"><!-- fin formulario --><br \/>\n<!-- Google maps --><\/a><\/p>\n<p><a class=\"tel-contacto\" href=\"tel: +52\" <p=\"\">\n<\/a><\/p>\n<section id=\"mapa\"><!--\n\n\n<div id=\"map\"><\/div>\n\n\n--><a class=\"tel-contacto\" href=\"tel: +52\" <p=\"\">\n<iframe id=\"map_canvas\" style=\"border: 0;\" src=\"https:\/\/www.google.com\/maps\/embed?pb=!1m14!1m8!1m3!1d30010.62731662373!2d-97.957038!3d19.9105608!3m2!1i1024!2i768!4f13.1!3m3!1m2!1s0x85d06fdc4b3e1ae1%3A0x6cdc093d7161d3cb!2sTOSTIFRUTAS%20SA%20DE%20CV!5e0!3m2!1ses-419!2smx!4v1633718935770!5m2!1ses-419!2smx\" frameborder=\"0\" allowfullscreen=\"allowfullscreen\"><\/iframe><\/a><\/section>\n<p><a class=\"tel-contacto\" href=\"tel: +52\" <p=\"\"><!--Footer --><\/a><\/p>\n<p><a class=\"tel-contacto\" href=\"tel: +52\" <p=\"\">\n<\/a><a class=\"tel-contacto\" href=\"tel: +52\" <p=\"\"><\/a><a class=\"tel-contacto\" href=\"tel: +52\" <p=\"\"><\/a><a class=\"tel-contacto\" href=\"tel: +52\" <p=\"\"><\/a><\/p>\n","protected":false},"excerpt":{"rendered":"<p>E: contacto@tostifrutas.com T: 797-688-13-34 T: 797-971-30-32 Para ventas de mayoreo favor de contactarnos v\u00eda telef\u00f3nica o en nuestra cuenta de correo contacto@tostifrutas.com Km. 66.6 Carretera Federal Apizaco-Zacatl\u00e1n Tomatl\u00e1n Zacatl\u00e1n, Puebla. 73314<\/p>\n","protected":false},"author":1,"featured_media":0,"parent":0,"menu_order":0,"comment_status":"closed","ping_status":"closed","template":"","meta":{"footnotes":""},"class_list":["post-43","page","type-page","status-publish","hentry","entry"],"_links":{"self":[{"href":"https:\/\/test2.e-motioners.com\/tostifrutas\/wp-json\/wp\/v2\/pages\/43","targetHints":{"allow":["GET"]}}],"collection":[{"href":"https:\/\/test2.e-motioners.com\/tostifrutas\/wp-json\/wp\/v2\/pages"}],"about":[{"href":"https:\/\/test2.e-motioners.com\/tostifrutas\/wp-json\/wp\/v2\/types\/page"}],"author":[{"embeddable":true,"href":"https:\/\/test2.e-motioners.com\/tostifrutas\/wp-json\/wp\/v2\/users\/1"}],"replies":[{"embeddable":true,"href":"https:\/\/test2.e-motioners.com\/tostifrutas\/wp-json\/wp\/v2\/comments?post=43"}],"version-history":[{"count":17,"href":"https:\/\/test2.e-motioners.com\/tostifrutas\/wp-json\/wp\/v2\/pages\/43\/revisions"}],"predecessor-version":[{"id":249,"href":"https:\/\/test2.e-motioners.com\/tostifrutas\/wp-json\/wp\/v2\/pages\/43\/revisions\/249"}],"wp:attachment":[{"href":"https:\/\/test2.e-motioners.com\/tostifrutas\/wp-json\/wp\/v2\/media?parent=43"}],"curies":[{"name":"wp","href":"https:\/\/api.w.org\/{rel}","templated":true}]}}