{"id":5,"date":"2021-07-12T14:42:48","date_gmt":"2021-07-12T14:42:48","guid":{"rendered":"http:\/\/test2.e-motioners.com\/tostifrutas\/?page_id=5"},"modified":"2021-09-27T16:59:51","modified_gmt":"2021-09-27T16:59:51","slug":"home","status":"publish","type":"page","link":"https:\/\/test2.e-motioners.com\/tostifrutas\/","title":{"rendered":"Home"},"content":{"rendered":"\n\t\t\t<!-- START Slider 1 REVOLUTION SLIDER 6.5.7 --><p class=\"rs-p-wp-fix\"><\/p>\n\t\t\t<rs-module-wrap id=\"rev_slider_1_1_wrapper\" data-source=\"gallery\" style=\"visibility:hidden;background:transparent;padding:0;margin:0px auto;margin-top:0;margin-bottom:0;\">\n\t\t\t\t<rs-module id=\"rev_slider_1_1\" style=\"\" data-version=\"6.5.7\">\n\t\t\t\t\t<rs-slides>\n\t\t\t\t\t\t<rs-slide style=\"position: absolute;\" data-key=\"rs-1\" data-title=\"Slide\" data-in=\"o:0;\" data-out=\"a:false;\">\n\t\t\t\t\t\t\t<img loading=\"lazy\" decoding=\"async\" src=\"\/\/test2.e-motioners.com\/tostifrutas\/wp-content\/plugins\/revslider\/public\/assets\/assets\/dummy.png\" title=\"tostifrutas-manzana-2\" width=\"1920\" height=\"1148\" class=\"rev-slidebg tp-rs-img rs-lazyload\" data-lazyload=\"\/\/test2.e-motioners.com\/tostifrutas\/wp-content\/uploads\/2021\/08\/tostifrutas-manzana-2.jpg\" data-bg=\"f:contain;\" data-no-retina>\n<!--\n\t\t\t\t\t\t\t--><rs-layer\n\t\t\t\t\t\t\t\tid=\"slider-1-slide-1-layer-0\" \n\t\t\t\t\t\t\t\tdata-type=\"text\"\n\t\t\t\t\t\t\t\tdata-color=\"#858585\"\n\t\t\t\t\t\t\t\tdata-rsp_ch=\"on\"\n\t\t\t\t\t\t\t\tdata-xy=\"xo:151px,124px,94px,57px;yo:268px,221px,167px,98px;\"\n\t\t\t\t\t\t\t\tdata-text=\"w:normal;s:45,37,28,27;l:25,20,15,9;\"\n\t\t\t\t\t\t\t\tdata-dim=\"h:34px,28px,21px,12px;\"\n\t\t\t\t\t\t\t\tdata-frame_999=\"o:0;st:w;\"\n\t\t\t\t\t\t\t\tstyle=\"z-index:5;font-family:'Open Sans';\"\n\t\t\t\t\t\t\t>Disfruta lo natural \n\t\t\t\t\t\t\t<\/rs-layer><!--\n\n\t\t\t\t\t\t\t--><rs-layer\n\t\t\t\t\t\t\t\tid=\"slider-1-slide-1-layer-1\" \n\t\t\t\t\t\t\t\tdata-type=\"text\"\n\t\t\t\t\t\t\t\tdata-color=\"#858585\"\n\t\t\t\t\t\t\t\tdata-rsp_ch=\"on\"\n\t\t\t\t\t\t\t\tdata-xy=\"xo:152px,125px,94px,57px;yo:315px,260px,197px,127px;\"\n\t\t\t\t\t\t\t\tdata-text=\"w:normal;s:19,15,11,16;l:30,24,18,22;\"\n\t\t\t\t\t\t\t\tdata-dim=\"w:551px,455px,345px,261px;\"\n\t\t\t\t\t\t\t\tdata-frame_999=\"o:0;st:w;\"\n\t\t\t\t\t\t\t\tstyle=\"z-index:6;font-family:'Open Sans';\"\n\t\t\t\t\t\t\t>Nuestros snack son la mejor opci\u00f3n saludable al estar elaborados con frutas y verduras cosechadas por mexicanos. \n\t\t\t\t\t\t\t<\/rs-layer><!--\n\n\t\t\t\t\t\t\t--><a\n\t\t\t\t\t\t\t\tid=\"slider-1-slide-1-layer-2\" \n\t\t\t\t\t\t\t\tclass=\"rs-layer rev-btn\"\n\t\t\t\t\t\t\t\thref=\"\" target=\"_self\"\n\t\t\t\t\t\t\t\tdata-type=\"button\"\n\t\t\t\t\t\t\t\tdata-rsp_ch=\"on\"\n\t\t\t\t\t\t\t\tdata-xy=\"xo:151px,124px,94px,57px;yo:386px,318px,241px,225px;\"\n\t\t\t\t\t\t\t\tdata-text=\"w:normal;s:18,14,10,12;l:50,41,31,19;fw:500;a:left,left,left,center;\"\n\t\t\t\t\t\t\t\tdata-dim=\"w:273px,225px,170px,158px;h:50px,41px,31px,21px;minh:0px,none,none,none;\"\n\t\t\t\t\t\t\t\tdata-padding=\"r:40,33,25,15;l:40,33,25,15;\"\n\t\t\t\t\t\t\t\tdata-border=\"bor:3px,3px,3px,3px;\"\n\t\t\t\t\t\t\t\tdata-frame_999=\"o:0;st:w;\"\n\t\t\t\t\t\t\t\tdata-frame_hover=\"bgc:#007aff;bor:3px,3px,3px,3px;sp:100;e:power1.inOut;bri:120%;\"\n\t\t\t\t\t\t\t\tstyle=\"z-index:7;background-color:#b3cc09;font-family:'Roboto';\"\n\t\t\t\t\t\t\t>CONOCE LA VARIEDAD \n\t\t\t\t\t\t\t<\/a><!--\n-->\t\t\t\t\t\t<\/rs-slide>\n\t\t\t\t\t<\/rs-slides>\n\t\t\t\t<\/rs-module>\n\t\t\t\t<script type=\"text\/javascript\">\n\t\t\t\t\tsetREVStartSize({c: 'rev_slider_1_1',rl:[1240,1024,778,480],el:[740,610,560,570],gw:[1240,1024,778,480],gh:[740,610,560,570],type:'standard',justify:'',layout:'fullwidth',mh:\"0\"});if (window.RS_MODULES!==undefined && window.RS_MODULES.modules!==undefined && window.RS_MODULES.modules[\"revslider11\"]!==undefined) {window.RS_MODULES.modules[\"revslider11\"].once = false;window.revapi1 = undefined;if (window.RS_MODULES.checkMinimal!==undefined) window.RS_MODULES.checkMinimal()}\n\t\t\t\t<\/script>\n\t\t\t<\/rs-module-wrap>\n\t\t\t<!-- END REVOLUTION SLIDER -->\n\n\n\n<section id=\"video\">\n<hr class=\"linea\">\n<div class=\"container\">\n<div class=\"dispTable centrar\">\n<div class=\"dispCell\"><a class=\"btnVideo\" href=\"#\" data-toggle=\"modal\" data-target=\"#videoModal\" data-thevideo=\"https:\/\/www.youtube.com\/embed\/7QU1nvuxaMA\"> MIRA EL VIDEO<\/a><\/div>\n<div class=\"dispCell\">\n<p class=\"describe-video\">Conoce las instalaciones y el proceso de producci\u00f3n.<\/p>\n<\/div>\n<\/div>\n<\/div>\n<hr class=\"linea\"><\/section>\n<p><!--Fin Video --><br><!-- TF Conocer --><\/p>\n<section id=\"tf-nosotros\">\n<div class=\"container\">\n<p class=\"describe-tf1\">En Tostifrutas ofrecemos productos 100% naturales elaborados a partir de Frutas y Verduras de primera calidad, cosechadas por mexicanos, las cuales seleccionamos y procesamos sin agregar ning\u00fan tipo de conservador, az\u00facar o aditivo manteniendo as\u00ed, casi en su totalidad, los nutrientes propios de las frutas y verduras y disfrutando su sabor natural en forma de hojuelas crujientes muy agradables al paladar.<\/p>\n<p><\/p>\n<h3>Todo lo que debes saber<\/h3>\n<p class=\"describe-tf1\">Sabemos que tu estilo de vida te lleva a buscar alimentos naturales, nutritivos, sin conservadores ni saborizantes adicionados. Adem\u00e1s, que sean pr\u00e1cticos y f\u00e1ciles de comer en cualquier lugar.<\/p>\n<div class=\"tabla-tf\">\n<div class=\"container-fluid\">\n<table class=\"table table-bordered\">\n<tbody>\n<tr>\n<td><img decoding=\"async\" class=\"center-block\" src=\"http:\/\/test2.e-motioners.com\/tostifrutas\/wp-content\/uploads\/2021\/07\/seleccion-web.png\"><p><\/p>\n<p class=\"txt-tabla centro\">Selecci\u00f3n<\/p>\n<\/td>\n<td><img decoding=\"async\" class=\"center-block\" src=\"http:\/\/test2.e-motioners.com\/tostifrutas\/wp-content\/uploads\/2021\/07\/desidrata-web.png\"><p><\/p>\n<p class=\"txt-tabla centro\">Deshidrataci\u00f3n<\/p>\n<\/td>\n<td><img decoding=\"async\" class=\"center-block\" src=\"http:\/\/test2.e-motioners.com\/tostifrutas\/wp-content\/uploads\/2021\/07\/beneficio-web.png\"><p><\/p>\n<p class=\"txt-tabla centro\">Beneficios<\/p>\n<\/td>\n<\/tr>\n<\/tbody>\n<\/table>\n<\/div>\n<\/div>\n<div class=\"row\">\n<div class=\"col-sm-6\">\n<h4 class=\"title-tf\">Elecci\u00f3n de productos<br>de primera<\/h4>\n<p class=\"describe-tf2\">Nuestros snacks son la mejor opci\u00f3n saludable al estar elaborados con frutas y verduras que han sido sembradas y cosechadas por manos de familias mexicanas en campos y huertos del pa\u00eds.<\/p>\n<p class=\"describe-tf3\">Nuestra selecci\u00f3n se hace cuidadosamente para ofrecerte lo mejor de la naturaleza.<\/p>\n<\/div>\n<div class=\"col-sm-6\"><img decoding=\"async\" class=\"img-responsive center-block\" src=\"http:\/\/test2.e-motioners.com\/tostifrutas\/wp-content\/uploads\/2021\/07\/Frutas.png\"><\/div>\n<\/div>\n<\/div>\n<\/section>\n<p><!-- fin TF --><br><!-- contact --><\/p>\n<section id=\"section-contact\">\n<div class=\"container\">\n<div class=\"row\">\n<h4>Escr\u00edbenos y con gusto te visitaremos<\/h4>\n<p><a class=\"btnContact centrar\" href=\"http:\/\/test2.e-motioners.com\/tostifrutas\/contacto\/\">IR A CONTACTO<\/a><\/p>\n<\/div>\n<\/div>\n<\/section>\n<p><!-- fin contact --><br><!-- Modal --><\/p>\n<div class=\"row\">\n<div id=\"videoModal\" class=\"modal modal-wide fade in\" tabindex=\"-1\" role=\"dialog\" aria-labelledby=\"videoModal\">\n<div class=\"modal-dialog\">\n<div class=\"modal-content\">\n<div class=\"modal-header\"><!--<button type=\"button\" class=\"close\" data-dismiss=\"modal\" aria-hidden=\"true\"><span class=\"glyphicon glyphicon-remove\"><\/span><\/button>--><\/div>\n<div class=\"modal-body\">\n<div><iframe loading=\"lazy\" src=\"\" width=\"100%\" height=\"350\"><\/iframe><\/div>\n<\/div>\n<\/div>\n<p><!-- \/.modal-content --><\/p>\n<\/div>\n<p><!-- \/.modal-dalog --><\/p>\n<\/div>\n<p><!-- \/.modal --><\/p>\n<\/div>\n<p><!-- Fin modal --><\/p>","protected":false},"excerpt":{"rendered":"<p>MIRA EL VIDEO Conoce las instalaciones y el proceso de producci\u00f3n. En Tostifrutas ofrecemos productos 100% naturales elaborados a partir de Frutas y Verduras de primera calidad, cosechadas por mexicanos, las cuales seleccionamos y procesamos sin agregar ning\u00fan tipo de conservador, az\u00facar o aditivo manteniendo as\u00ed, casi en su totalidad, los nutrientes propios de las [&hellip;]<\/p>\n","protected":false},"author":1,"featured_media":0,"parent":0,"menu_order":0,"comment_status":"closed","ping_status":"closed","template":"","meta":{"footnotes":""},"class_list":["post-5","page","type-page","status-publish","hentry","entry"],"_links":{"self":[{"href":"https:\/\/test2.e-motioners.com\/tostifrutas\/wp-json\/wp\/v2\/pages\/5","targetHints":{"allow":["GET"]}}],"collection":[{"href":"https:\/\/test2.e-motioners.com\/tostifrutas\/wp-json\/wp\/v2\/pages"}],"about":[{"href":"https:\/\/test2.e-motioners.com\/tostifrutas\/wp-json\/wp\/v2\/types\/page"}],"author":[{"embeddable":true,"href":"https:\/\/test2.e-motioners.com\/tostifrutas\/wp-json\/wp\/v2\/users\/1"}],"replies":[{"embeddable":true,"href":"https:\/\/test2.e-motioners.com\/tostifrutas\/wp-json\/wp\/v2\/comments?post=5"}],"version-history":[{"count":15,"href":"https:\/\/test2.e-motioners.com\/tostifrutas\/wp-json\/wp\/v2\/pages\/5\/revisions"}],"predecessor-version":[{"id":232,"href":"https:\/\/test2.e-motioners.com\/tostifrutas\/wp-json\/wp\/v2\/pages\/5\/revisions\/232"}],"wp:attachment":[{"href":"https:\/\/test2.e-motioners.com\/tostifrutas\/wp-json\/wp\/v2\/media?parent=5"}],"curies":[{"name":"wp","href":"https:\/\/api.w.org\/{rel}","templated":true}]}}