{"id":73,"date":"2021-07-13T00:09:41","date_gmt":"2021-07-13T00:09:41","guid":{"rendered":"http:\/\/test2.e-motioners.com\/tostifrutas\/?page_id=73"},"modified":"2021-07-13T00:35:06","modified_gmt":"2021-07-13T00:35:06","slug":"aviso-de-privacidad","status":"publish","type":"page","link":"https:\/\/test2.e-motioners.com\/tostifrutas\/aviso-de-privacidad\/","title":{"rendered":"Aviso de privacidad"},"content":{"rendered":"<div class=\"container\" style=\"margin-top:100px;\">\n<h2>Aviso de privacidad<\/h2>\n<p>Con base en la Ley Federal de Protecci\u00f3n de Datos Personales en Posesi\u00f3n de los Particulares, Tostifrutas SA de CV reconoce que la privacidad de su informaci\u00f3n es de suma importancia para usted y nosotros, por lo cual Tostifrutas SA de CV se encuentra comprometida a resguardar su informaci\u00f3n personal con la mayor discreci\u00f3n, seguridad legal, tecnol\u00f3gica y administrativa. Asimismo, a no vender, alquilar, compartir o divulgar su informaci\u00f3n personal a terceros con fines il\u00edcitos o contrarios a los de su titular.<\/p>\n<p>De acuerdo a lo anterior, el presente \u201cAviso de Privacidad\u201d se aplica a toda la informaci\u00f3n, incluyendo a la informaci\u00f3n personal recopilada por nuestra empresa, as\u00ed como de terceros con los que celebremos o vayamos a celebrar relaci\u00f3n contractual, a efecto de brindarle servicios personalizados, contando siempre con los mismos niveles de seguridad exigidos por la ley. Por lo antes mencionado, y al momento de leer el presente \u201cAviso de Privacidad\u201d, usted otorga su consentimiento a Tostifrutas SA de CV para recopilar y utilizar sus datos personales para los fines que m\u00e1s adelante se especifican.<\/p>\n<h4>\u00bfQu\u00e9 informaci\u00f3n recopilamos?<\/h4>\n<p>Su informaci\u00f3n personal que recabamos ser\u00e1 utilizada para proveer los servicios y productos que ha solicitado, informarle sobre cambios en los mismos, evaluar la calidad del servicio que le brindamos, enviar la publicidad adecuada bas\u00e1ndonos en su perfil y en general, atender sus necesidades inherentes a Tostifrutas SA de CV. Para las finalidades antes mencionadas, la informaci\u00f3n personal que nosotros recabamos se en lista a continuaci\u00f3n:<\/p>\n<ul>\n<li>Nombre<\/li>\n<li>Apellidos<\/li>\n<li>Correo electr\u00f3nico<\/li>\n<li>Fecha nacimiento<\/li>\n<li>Sexo<\/li>\n<li>Tel\u00e9fono<\/li>\n<li>Celular<\/li>\n<\/ul>\n<p>Nos comprometemos a que los mismos ser\u00e1n tratados bajo las m\u00e1s estrictas medidas de seguridad que garanticen su confidencialidad.<\/p>\n<h4>\u00bfC\u00f3mo recopilamos la informaci\u00f3n?<\/h4>\n<p>La recolecci\u00f3n de datos personales podr\u00e1 efectuarse por ejemplo:<\/p>\n<ul>\n<li>mediante el uso de correos electr\u00f3nicos y visita a nuestros puntos de contacto<\/li>\n<li>cuando se comunica v\u00eda telef\u00f3nica con nosotros<\/li>\n<li>mediante el uso de herramientas de captura autom\u00e1tica de datos<\/li>\n<li>mediante la recopilaci\u00f3n directa<\/li>\n<\/ul>\n<p>Toda la informaci\u00f3n que recolectamos sobre usted puede combinarse para ayudarnos a adaptar nuestras comunicaciones a usted y desarrollar productos y servicios de acuerdo a sus necesidades y preferencias.<\/p>\n<h4>\u00bfPara qu\u00e9 fines utilizamos sus datos personales?<\/h4>\n<p>Los datos que le solicitamos ser\u00e1n utilizados para las siguientes finalidades:<\/p>\n<ul>\n<li>Proveer los servicios y productos propios de la actividad de Tostifrutas SA de CV<\/li>\n<li>Para informarle acerca de otros productos y servicios ofrecidos por el Responsable y para administrar nuestros sitios y servicios<\/li>\n<li>Evaluar la calidad del servicio que le brindamos<\/li>\n<li>Enviar la publicidad adecuada bas\u00e1ndonos en su perfil<\/li>\n<li>Ofrecer productos y servicios personalizados, as\u00ed como publicidad y contenidos m\u00e1s adecuados a sus necesidades<\/li>\n<\/ul>\n<h4>Responsable del tratamiento de sus datos personales<\/h4>\n<p>Tostifrutas SA de CV, con domicilio en Calle F\u00e1bricas No. 1 Int. B, Col. Centro, Zacatl\u00e1n Puebla, Mexico. C.P. 73310, es responsable de recabar sus datos personales, del uso que se le d\u00e9 a los mismos y de su protecci\u00f3n.<\/p>\n<h4>\u00bfC\u00f3mo ejercer sus derechos ARCO?<\/h4>\n<p>Le recordamos que en materia de Protecci\u00f3n de Datos Personales, usted podr\u00e1 ejercer sus derechos denominados \u201cARCO\u201d de acuerdo a lo siguiente:<\/p>\n<p>ACCESO: Podr\u00e1 elegir la manera de comunicarse con nosotros ya sea v\u00eda telef\u00f3nica a los tel\u00e9fonos que a continuaci\u00f3n se detallan, o mediante correo electr\u00f3nico en nuestro portal web.<\/p>\n<p>RECTIFICACI\u00d3N: Usted podr\u00e1 solicitarnos que cualquiera de sus datos sea corregido, en caso de que tengamos registrado alguno err\u00f3neamente<\/p>\n<p>CANCELACI\u00d3N: Podr\u00e1 pedir que cancelemos o demos de baja sus datos siempre y cuando exista una causa que justifique dicha acci\u00f3n y no tenga obligaci\u00f3n pendiente con Tostifrutas SA de CV.<\/p>\n<p>OPOSICI\u00d3N: En caso de que usted no tenga relaci\u00f3n u obligaci\u00f3n legal alguna con nosotros y decida no contratar alguno de nuestros servicios como prestador de servicios, puede hacer uso de este derecho, no compartiendo dato alguno.<\/p>\n<h4>\u00bfC\u00f3mo acceder o rectificar sus datos personales o cancelar u oponerse a su uso?<\/h4>\n<p>Para la recepci\u00f3n, registro y atenci\u00f3n de las solicitudes para ejercer su derecho de acceso, rectificaci\u00f3n, cancelaci\u00f3n y oposici\u00f3n a sus Datos Personales, as\u00ed como para limitar el uso o divulgaci\u00f3n de sus datos, y los dem\u00e1s derechos previstos en la Ley Federal de Protecci\u00f3n de Datos Personales en Posesi\u00f3n de los Particulares (LFPDP) contactar a:<\/p>\n<p><b>Administraci\u00f3n:<\/b><\/p>\n<ul>\n<li>Tel\u00e9fono: 797 971-3032<\/li>\n<li>Email: administracion@tostifrutas.com<\/li>\n<\/ul>\n<p><b>OTROS:<\/b><\/p>\n<ul>\n<li>Tel\u00e9fono: 797 688 1334<\/li>\n<li>Email: atencionaclientes@tostifrutas.com<\/li>\n<\/ul>\n<h4>No compartimos su informaci\u00f3n con terceros<\/h4>\n<p>Nosotros no realizamos transferencias de sus datos personales a terceros.<\/p>\n<h4>Modificaciones al aviso de privacidad<\/h4>\n<p>Cualquier modificaci\u00f3n al presente Aviso de Privacidad, ser\u00e1 notificado a trav\u00e9s del sitio web www.tostifrutas.com.mx en la secci\u00f3n de avisos.<\/p>\n<\/div>\n","protected":false},"excerpt":{"rendered":"<p>Aviso de privacidad Con base en la Ley Federal de Protecci\u00f3n de Datos Personales en Posesi\u00f3n de los Particulares, Tostifrutas SA de CV reconoce que la privacidad de su informaci\u00f3n es de suma importancia para usted y nosotros, por lo cual Tostifrutas SA de CV se encuentra comprometida a resguardar su informaci\u00f3n personal con la [&hellip;]<\/p>\n","protected":false},"author":1,"featured_media":0,"parent":0,"menu_order":0,"comment_status":"closed","ping_status":"closed","template":"","meta":{"footnotes":""},"class_list":["post-73","page","type-page","status-publish","hentry","entry"],"_links":{"self":[{"href":"https:\/\/test2.e-motioners.com\/tostifrutas\/wp-json\/wp\/v2\/pages\/73","targetHints":{"allow":["GET"]}}],"collection":[{"href":"https:\/\/test2.e-motioners.com\/tostifrutas\/wp-json\/wp\/v2\/pages"}],"about":[{"href":"https:\/\/test2.e-motioners.com\/tostifrutas\/wp-json\/wp\/v2\/types\/page"}],"author":[{"embeddable":true,"href":"https:\/\/test2.e-motioners.com\/tostifrutas\/wp-json\/wp\/v2\/users\/1"}],"replies":[{"embeddable":true,"href":"https:\/\/test2.e-motioners.com\/tostifrutas\/wp-json\/wp\/v2\/comments?post=73"}],"version-history":[{"count":12,"href":"https:\/\/test2.e-motioners.com\/tostifrutas\/wp-json\/wp\/v2\/pages\/73\/revisions"}],"predecessor-version":[{"id":92,"href":"https:\/\/test2.e-motioners.com\/tostifrutas\/wp-json\/wp\/v2\/pages\/73\/revisions\/92"}],"wp:attachment":[{"href":"https:\/\/test2.e-motioners.com\/tostifrutas\/wp-json\/wp\/v2\/media?parent=73"}],"curies":[{"name":"wp","href":"https:\/\/api.w.org\/{rel}","templated":true}]}}